{"id":4774,"date":"2023-03-30T07:12:08","date_gmt":"2023-03-30T07:12:08","guid":{"rendered":"https:\/\/www.smartgolftravel.com\/representacion-comercial\/"},"modified":"2023-11-06T16:07:25","modified_gmt":"2023-11-06T16:07:25","slug":"geschaeftliche-vertretung","status":"publish","type":"page","link":"https:\/\/www.smartgolftravel.com\/de\/geschaeftliche-vertretung\/","title":{"rendered":"Handelsvertretung"},"content":{"rendered":"\t\t<div data-elementor-type=\"wp-page\" data-elementor-id=\"4774\" class=\"elementor elementor-4774 elementor-2758\" data-elementor-settings=\"{&quot;ha_cmc_init_switcher&quot;:&quot;no&quot;}\" data-elementor-post-type=\"page\">\n\t\t\t\t\t\t<section class=\"elementor-section elementor-top-section elementor-element elementor-element-4b2ee5f elementor-section-full_width elementor-section-height-min-height elementor-section-height-default elementor-section-items-middle\" data-id=\"4b2ee5f\" data-element_type=\"section\" data-e-type=\"section\" data-settings=\"{&quot;jet_parallax_layout_list&quot;:[],&quot;background_background&quot;:&quot;slideshow&quot;,&quot;background_motion_fx_translateY_effect&quot;:&quot;yes&quot;,&quot;background_motion_fx_translateY_speed&quot;:{&quot;unit&quot;:&quot;px&quot;,&quot;size&quot;:1.7,&quot;sizes&quot;:[]},&quot;background_motion_fx_devices&quot;:[&quot;desktop&quot;,&quot;tablet&quot;],&quot;background_slideshow_gallery&quot;:[{&quot;id&quot;:5104,&quot;url&quot;:&quot;https:\\\/\\\/www.smartgolftravel.com\\\/wp-content\\\/uploads\\\/2023\\\/05\\\/representacion-comercial-smart-golf-travelweb.jpg&quot;},{&quot;id&quot;:5098,&quot;url&quot;:&quot;https:\\\/\\\/www.smartgolftravel.com\\\/wp-content\\\/uploads\\\/2023\\\/05\\\/representacion-comercial-smart-golf-travel-agenda.jpg&quot;},{&quot;id&quot;:5101,&quot;url&quot;:&quot;https:\\\/\\\/www.smartgolftravel.com\\\/wp-content\\\/uploads\\\/2023\\\/05\\\/representacion-comercial-smart-golf-travel.jpg&quot;}],&quot;background_slideshow_loop&quot;:&quot;yes&quot;,&quot;background_slideshow_slide_duration&quot;:5000,&quot;background_slideshow_slide_transition&quot;:&quot;fade&quot;,&quot;background_slideshow_transition_duration&quot;:500,&quot;background_motion_fx_translateY_affectedRange&quot;:{&quot;unit&quot;:&quot;%&quot;,&quot;size&quot;:&quot;&quot;,&quot;sizes&quot;:{&quot;start&quot;:0,&quot;end&quot;:100}},&quot;_ha_eqh_enable&quot;:false}\">\n\t\t\t\t\t\t\t<div class=\"elementor-background-overlay\"><\/div>\n\t\t\t\t\t\t\t<div class=\"elementor-container elementor-column-gap-default\">\n\t\t\t\t\t<div class=\"elementor-column elementor-col-100 elementor-top-column elementor-element elementor-element-3f70fb0\" data-id=\"3f70fb0\" data-element_type=\"column\" data-e-type=\"column\">\n\t\t\t<div class=\"elementor-widget-wrap elementor-element-populated\">\n\t\t\t\t\t\t<section class=\"elementor-section elementor-inner-section elementor-element elementor-element-026588e elementor-section-boxed elementor-section-height-default elementor-section-height-default\" data-id=\"026588e\" data-element_type=\"section\" data-e-type=\"section\" data-settings=\"{&quot;jet_parallax_layout_list&quot;:[],&quot;_ha_eqh_enable&quot;:false}\">\n\t\t\t\t\t\t<div class=\"elementor-container elementor-column-gap-default\">\n\t\t\t\t\t<div class=\"elementor-column elementor-col-100 elementor-inner-column elementor-element elementor-element-283bbc2\" data-id=\"283bbc2\" data-element_type=\"column\" data-e-type=\"column\">\n\t\t\t<div class=\"elementor-widget-wrap elementor-element-populated\">\n\t\t\t\t\t\t<div class=\"elementor-element elementor-element-c15013d elementor-widget__width-auto elementor-widget elementor-widget-image\" data-id=\"c15013d\" data-element_type=\"widget\" data-e-type=\"widget\" data-widget_type=\"image.default\">\n\t\t\t\t<div class=\"elementor-widget-container\">\n\t\t\t\t\t\t\t\t\t\t\t\t\t\t\t<img fetchpriority=\"high\" decoding=\"async\" width=\"338\" height=\"344\" src=\"https:\/\/www.smartgolftravel.com\/wp-content\/uploads\/2023\/03\/smart-golf-travel.png\" class=\"attachment-large size-large wp-image-1765\" alt=\"\" \/>\t\t\t\t\t\t\t\t\t\t\t\t\t\t\t<\/div>\n\t\t\t\t<\/div>\n\t\t\t\t<div class=\"elementor-element elementor-element-eac6e40 elementor-widget__width-auto elementor-widget elementor-widget-heading\" data-id=\"eac6e40\" data-element_type=\"widget\" data-e-type=\"widget\" data-widget_type=\"heading.default\">\n\t\t\t\t<div class=\"elementor-widget-container\">\n\t\t\t\t\t<h1 class=\"elementor-heading-title elementor-size-default\">Gesch\u00e4ftliche Vertretung<\/h1>\t\t\t\t<\/div>\n\t\t\t\t<\/div>\n\t\t\t\t\t<\/div>\n\t\t<\/div>\n\t\t\t\t\t<\/div>\n\t\t<\/section>\n\t\t\t\t\t<\/div>\n\t\t<\/div>\n\t\t\t\t\t<\/div>\n\t\t<\/section>\n\t\t\t\t<section class=\"elementor-section elementor-top-section elementor-element elementor-element-909bf1e elementor-section-boxed elementor-section-height-default elementor-section-height-default\" data-id=\"909bf1e\" data-element_type=\"section\" data-e-type=\"section\" data-settings=\"{&quot;jet_parallax_layout_list&quot;:[],&quot;_ha_eqh_enable&quot;:false}\">\n\t\t\t\t\t\t<div class=\"elementor-container elementor-column-gap-default\">\n\t\t\t\t\t<div class=\"elementor-column elementor-col-50 elementor-top-column elementor-element elementor-element-b5ac022\" data-id=\"b5ac022\" data-element_type=\"column\" data-e-type=\"column\">\n\t\t\t<div class=\"elementor-widget-wrap elementor-element-populated\">\n\t\t\t\t\t\t<div class=\"elementor-element elementor-element-10d6546 elementor-widget elementor-widget-heading\" data-id=\"10d6546\" data-element_type=\"widget\" data-e-type=\"widget\" data-widget_type=\"heading.default\">\n\t\t\t\t<div class=\"elementor-widget-container\">\n\t\t\t\t\t<h3 class=\"elementor-heading-title elementor-size-default\">SMART GOFL TRTAVEL<\/h3>\t\t\t\t<\/div>\n\t\t\t\t<\/div>\n\t\t\t\t<div class=\"elementor-element elementor-element-e2dae52 elementor-widget elementor-widget-heading\" data-id=\"e2dae52\" data-element_type=\"widget\" data-e-type=\"widget\" data-widget_type=\"heading.default\">\n\t\t\t\t<div class=\"elementor-widget-container\">\n\t\t\t\t\t<h2 class=\"elementor-heading-title elementor-size-default\">Gesch\u00e4ftliche Vertretung<\/h2>\t\t\t\t<\/div>\n\t\t\t\t<\/div>\n\t\t\t\t<div class=\"elementor-element elementor-element-6076944 elementor-widget elementor-widget-text-editor\" data-id=\"6076944\" data-element_type=\"widget\" data-e-type=\"widget\" data-widget_type=\"text-editor.default\">\n\t\t\t\t<div class=\"elementor-widget-container\">\n\t\t\t\t\t\t\t\t\t<p class=\"p1\">Bei Smart Golf Travel sind wir Experten in der kommerziellen Vertretung von Hotels und Hotelketten, die darauf abzielen, ihre Verk\u00e4ufe auf dem wettbewerbsintensiven Golfmarkt zu steigern. Der golfbezogene Tourismus zieht in Spanien mehr als eine Million ausl\u00e4ndische Touristen an, fast alle davon Europ\u00e4er, und Spanien als das Nummer-eins-Ziel f\u00fcr Golf-Liebhaber ist etabliert. Dies liegt daran, dass immer mehr Menschen daran interessiert sind, einzigartige und personalisierte Momente auf dem Golfplatz zu erleben.<\/p><p class=\"p1\">Obwohl der Golfmarkt hochgradig wettbewerbsintensiv und zunehmend ges\u00e4ttigt ist, ist es unerl\u00e4sslich, dass Hotels und Hotelketten sich von der Konkurrenz abheben und hochwertige Golf-Erlebnisse anbieten, die den Bed\u00fcrfnissen und Erwartungen der Kunden gerecht werden. Bei Smart Golf Travel arbeiten wir eng mit unseren Kunden zusammen, um ihnen zu helfen, ihre Dienstleistungen zu verbessern und ihre Golf-Paketangebote zu optimieren, mit dem Ziel, ihren Marktanteil im wettbewerbsintensivsten Segment des Golfsports zu erh\u00f6hen.<\/p>\t\t\t\t\t\t\t\t<\/div>\n\t\t\t\t<\/div>\n\t\t\t\t\t<\/div>\n\t\t<\/div>\n\t\t\t\t<div class=\"elementor-column elementor-col-50 elementor-top-column elementor-element elementor-element-bba7047\" data-id=\"bba7047\" data-element_type=\"column\" data-e-type=\"column\">\n\t\t\t<div class=\"elementor-widget-wrap elementor-element-populated\">\n\t\t\t\t\t\t<div class=\"elementor-element elementor-element-9c17468 elementor-widget elementor-widget-image\" data-id=\"9c17468\" data-element_type=\"widget\" data-e-type=\"widget\" data-widget_type=\"image.default\">\n\t\t\t\t<div class=\"elementor-widget-container\">\n\t\t\t\t\t\t\t\t\t\t\t\t\t\t\t<img decoding=\"async\" width=\"800\" height=\"534\" src=\"https:\/\/www.smartgolftravel.com\/wp-content\/uploads\/2023\/04\/SMARTGOLF-TRAVEL-GRUPOS-E-INCENTIVOS-1-1024x683.jpg\" class=\"attachment-large size-large wp-image-2920\" alt=\"\" srcset=\"https:\/\/www.smartgolftravel.com\/wp-content\/uploads\/2023\/04\/SMARTGOLF-TRAVEL-GRUPOS-E-INCENTIVOS-1-1024x683.jpg 1024w, https:\/\/www.smartgolftravel.com\/wp-content\/uploads\/2023\/04\/SMARTGOLF-TRAVEL-GRUPOS-E-INCENTIVOS-1-300x200.jpg 300w, https:\/\/www.smartgolftravel.com\/wp-content\/uploads\/2023\/04\/SMARTGOLF-TRAVEL-GRUPOS-E-INCENTIVOS-1-768x512.jpg 768w, https:\/\/www.smartgolftravel.com\/wp-content\/uploads\/2023\/04\/SMARTGOLF-TRAVEL-GRUPOS-E-INCENTIVOS-1.jpg 1500w\" sizes=\"(max-width: 800px) 100vw, 800px\" \/>\t\t\t\t\t\t\t\t\t\t\t\t\t\t\t<\/div>\n\t\t\t\t<\/div>\n\t\t\t\t<div class=\"elementor-element elementor-element-0e74b65 elementor-widget__width-auto elementor-absolute elementor-hidden-tablet elementor-hidden-mobile elementor-widget elementor-widget-image\" data-id=\"0e74b65\" data-element_type=\"widget\" data-e-type=\"widget\" data-settings=\"{&quot;_position&quot;:&quot;absolute&quot;}\" data-widget_type=\"image.default\">\n\t\t\t\t<div class=\"elementor-widget-container\">\n\t\t\t\t\t\t\t\t\t\t\t\t\t\t\t<img decoding=\"async\" width=\"800\" height=\"534\" src=\"https:\/\/www.smartgolftravel.com\/wp-content\/uploads\/2023\/06\/smart-golf-travel-mallorca-holidays-1024x683.jpg\" class=\"attachment-large size-large wp-image-8176\" alt=\"\" srcset=\"https:\/\/www.smartgolftravel.com\/wp-content\/uploads\/2023\/06\/smart-golf-travel-mallorca-holidays-1024x683.jpg 1024w, https:\/\/www.smartgolftravel.com\/wp-content\/uploads\/2023\/06\/smart-golf-travel-mallorca-holidays-300x200.jpg 300w, https:\/\/www.smartgolftravel.com\/wp-content\/uploads\/2023\/06\/smart-golf-travel-mallorca-holidays-768x513.jpg 768w, https:\/\/www.smartgolftravel.com\/wp-content\/uploads\/2023\/06\/smart-golf-travel-mallorca-holidays.jpg 1500w\" sizes=\"(max-width: 800px) 100vw, 800px\" \/>\t\t\t\t\t\t\t\t\t\t\t\t\t\t\t<\/div>\n\t\t\t\t<\/div>\n\t\t\t\t\t<\/div>\n\t\t<\/div>\n\t\t\t\t\t<\/div>\n\t\t<\/section>\n\t\t\t\t<section class=\"elementor-section elementor-top-section elementor-element elementor-element-57a30d5 elementor-section-boxed elementor-section-height-default elementor-section-height-default\" data-id=\"57a30d5\" data-element_type=\"section\" data-e-type=\"section\" data-settings=\"{&quot;jet_parallax_layout_list&quot;:[],&quot;_ha_eqh_enable&quot;:false}\">\n\t\t\t\t\t\t\t<div class=\"elementor-background-overlay\"><\/div>\n\t\t\t\t\t\t\t<div class=\"elementor-container elementor-column-gap-default\">\n\t\t\t\t\t<div class=\"elementor-column elementor-col-100 elementor-top-column elementor-element elementor-element-d809d46\" data-id=\"d809d46\" data-element_type=\"column\" data-e-type=\"column\">\n\t\t\t<div class=\"elementor-widget-wrap elementor-element-populated\">\n\t\t\t\t\t\t<section class=\"elementor-section elementor-inner-section elementor-element elementor-element-3fcc451 elementor-section-boxed elementor-section-height-default elementor-section-height-default\" data-id=\"3fcc451\" data-element_type=\"section\" data-e-type=\"section\" data-settings=\"{&quot;jet_parallax_layout_list&quot;:[],&quot;_ha_eqh_enable&quot;:false}\">\n\t\t\t\t\t\t<div class=\"elementor-container elementor-column-gap-default\">\n\t\t\t\t\t<div class=\"elementor-column elementor-col-50 elementor-inner-column elementor-element elementor-element-bfedf6a\" data-id=\"bfedf6a\" data-element_type=\"column\" data-e-type=\"column\">\n\t\t\t<div class=\"elementor-widget-wrap elementor-element-populated\">\n\t\t\t\t\t\t<div class=\"elementor-element elementor-element-aa39d61 elementor-widget elementor-widget-text-editor\" data-id=\"aa39d61\" data-element_type=\"widget\" data-e-type=\"widget\" data-widget_type=\"text-editor.default\">\n\t\t\t\t<div class=\"elementor-widget-container\">\n\t\t\t\t\t\t\t\t\t<p class=\"p1\">Wir konzentrieren uns darauf, eine breite Palette von hochwertigen Dienstleistungen anzubieten, die den Bed\u00fcrfnissen der Kunden und der Golfreiseagenturen entsprechen, wie zum Beispiel bevorzugte Tarife und personalisierte Pakete, Veranstaltungen und Pr\u00e4sentationen auf Branchenmessen sowie pers\u00f6nliche Beratung, um einzigartige und personalisierte Golf-Pakete f\u00fcr ihre Kunden zu erstellen und zu vertreiben. Bei Smart Golf Travel sind wir bestrebt, ma\u00dfgeschneiderte L\u00f6sungen anzubieten, die es Ihnen erm\u00f6glichen, in diesem hochkompetitiven Nischenmarkt zu gl\u00e4nzen.<\/p>\t\t\t\t\t\t\t\t<\/div>\n\t\t\t\t<\/div>\n\t\t\t\t\t<\/div>\n\t\t<\/div>\n\t\t\t\t<div class=\"elementor-column elementor-col-50 elementor-inner-column elementor-element elementor-element-8c12ae2\" data-id=\"8c12ae2\" data-element_type=\"column\" data-e-type=\"column\">\n\t\t\t<div class=\"elementor-widget-wrap elementor-element-populated\">\n\t\t\t\t\t\t<div class=\"elementor-element elementor-element-705fffb elementor-widget elementor-widget-text-editor\" data-id=\"705fffb\" data-element_type=\"widget\" data-e-type=\"widget\" data-widget_type=\"text-editor.default\">\n\t\t\t\t<div class=\"elementor-widget-container\">\n\t\t\t\t\t\t\t\t\t<p class=\"p1\">Wenn Sie Ihre Pr\u00e4senz auf dem Golfmarkt ausweiten und Ihre Positionierung und Verk\u00e4ufe verbessern m\u00f6chten, sind wir die perfekte Antwort. Mit Smart Golf Travel haben Sie nicht nur einen Gesch\u00e4ftspartner, sondern eine hochspezialisierte Erweiterung Ihrer Handelsabteilung, die \u00fcber die Werkzeuge verf\u00fcgt, um Ihnen dabei zu helfen, im Golfbereich erfolgreich zu sein.<\/p>\t\t\t\t\t\t\t\t<\/div>\n\t\t\t\t<\/div>\n\t\t\t\t\t<\/div>\n\t\t<\/div>\n\t\t\t\t\t<\/div>\n\t\t<\/section>\n\t\t\t\t<section class=\"elementor-section elementor-inner-section elementor-element elementor-element-5e29745 elementor-section-boxed elementor-section-height-default elementor-section-height-default\" data-id=\"5e29745\" data-element_type=\"section\" data-e-type=\"section\" data-settings=\"{&quot;jet_parallax_layout_list&quot;:[],&quot;_ha_eqh_enable&quot;:false}\">\n\t\t\t\t\t\t<div class=\"elementor-container elementor-column-gap-default\">\n\t\t\t\t\t<div class=\"elementor-column elementor-col-33 elementor-inner-column elementor-element elementor-element-13407f6\" data-id=\"13407f6\" data-element_type=\"column\" data-e-type=\"column\" data-settings=\"{&quot;background_background&quot;:&quot;classic&quot;}\">\n\t\t\t<div class=\"elementor-widget-wrap elementor-element-populated\">\n\t\t\t\t\t\t<div class=\"elementor-element elementor-element-667e74b elementor-widget elementor-widget-text-editor\" data-id=\"667e74b\" data-element_type=\"widget\" data-e-type=\"widget\" data-widget_type=\"text-editor.default\">\n\t\t\t\t<div class=\"elementor-widget-container\">\n\t\t\t\t\t\t\t\t\t<p><b>KOMMERZIELLE VERTRETUN<\/b><\/p><ul><li>Vertragsabschl\u00fcsse mit Reiseveranstaltern und Vertrags- und Angebotsbearbeitung.<\/li><li>Preisstruktur.<\/li><li>Erstellung von Paketen.<\/li><li>Organisation von Famtrips.<\/li><li>Unterst\u00fctzung bei professionellen und Werbeveranstaltungen.<\/li><li>Produktpr\u00e4sentationen.<\/li><li>Besuche bei Agenturen.<\/li><li>Unterst\u00fctzung bei Messen und Workshops.<\/li><li>Unterst\u00fctzung bei Turnieren und Lead-Generierung.<\/li><\/ul>\t\t\t\t\t\t\t\t<\/div>\n\t\t\t\t<\/div>\n\t\t\t\t\t<\/div>\n\t\t<\/div>\n\t\t\t\t<div class=\"elementor-column elementor-col-33 elementor-inner-column elementor-element elementor-element-2d52f8b\" data-id=\"2d52f8b\" data-element_type=\"column\" data-e-type=\"column\" data-settings=\"{&quot;background_background&quot;:&quot;classic&quot;}\">\n\t\t\t<div class=\"elementor-widget-wrap elementor-element-populated\">\n\t\t\t\t\t\t<div class=\"elementor-element elementor-element-4047467 elementor-widget elementor-widget-text-editor\" data-id=\"4047467\" data-element_type=\"widget\" data-e-type=\"widget\" data-widget_type=\"text-editor.default\">\n\t\t\t\t<div class=\"elementor-widget-container\">\n\t\t\t\t\t\t\t\t\t<p><strong> MARKETING-UNTERST\u00dcTZUNG <\/strong><\/p><ul><li>Marktsegmentierung.<\/li><li>Versand von Mailings mit Gesch\u00e4ftsvorschl\u00e4gen.<\/li><li>E-Mail-Marketing-Kampagnen.<\/li><li>Auswahl von Unternehmens-Merchandising und Personalisierung.<\/li><li>Markenmanagement im GOLF-Segment.<\/li><li>Benchmarking-Vorschl\u00e4ge.<\/li><li>Vorschl\u00e4ge f\u00fcr Sport-Sponsoring.<\/li><\/ul>\t\t\t\t\t\t\t\t<\/div>\n\t\t\t\t<\/div>\n\t\t\t\t\t<\/div>\n\t\t<\/div>\n\t\t\t\t<div class=\"elementor-column elementor-col-33 elementor-inner-column elementor-element elementor-element-f3209e2\" data-id=\"f3209e2\" data-element_type=\"column\" data-e-type=\"column\" data-settings=\"{&quot;background_background&quot;:&quot;classic&quot;}\">\n\t\t\t<div class=\"elementor-widget-wrap elementor-element-populated\">\n\t\t\t\t\t\t<div class=\"elementor-element elementor-element-e9d8c42 elementor-widget elementor-widget-text-editor\" data-id=\"e9d8c42\" data-element_type=\"widget\" data-e-type=\"widget\" data-widget_type=\"text-editor.default\">\n\t\t\t\t<div class=\"elementor-widget-container\">\n\t\t\t\t\t\t\t\t\t<p><strong>OPERATIVER SUPPORT<\/strong><\/p><ul><li>Flughafenassistenz.<\/li><li>Begleitung von Gruppen.<\/li><li>Koordination von Transfers.<\/li><li>Planung und Buchung von Aktivit\u00e4ten w\u00e4hrend des Aufenthalts.<\/li><li>\u00dcberwachung und L\u00f6sung von operativen Problemen w\u00e4hrend der Reise in Echtzeit.<\/li><\/ul>\t\t\t\t\t\t\t\t<\/div>\n\t\t\t\t<\/div>\n\t\t\t\t\t<\/div>\n\t\t<\/div>\n\t\t\t\t\t<\/div>\n\t\t<\/section>\n\t\t\t\t<section class=\"elementor-section elementor-inner-section elementor-element elementor-element-0290dc4 elementor-section-boxed elementor-section-height-default elementor-section-height-default\" data-id=\"0290dc4\" data-element_type=\"section\" data-e-type=\"section\" data-settings=\"{&quot;jet_parallax_layout_list&quot;:[],&quot;_ha_eqh_enable&quot;:false}\">\n\t\t\t\t\t\t<div class=\"elementor-container elementor-column-gap-default\">\n\t\t\t\t\t<div class=\"elementor-column elementor-col-33 elementor-inner-column elementor-element elementor-element-fb3dee5\" data-id=\"fb3dee5\" data-element_type=\"column\" data-e-type=\"column\" data-settings=\"{&quot;background_background&quot;:&quot;classic&quot;}\">\n\t\t\t<div class=\"elementor-widget-wrap elementor-element-populated\">\n\t\t\t\t\t\t<div class=\"elementor-element elementor-element-95015f5 elementor-widget elementor-widget-text-editor\" data-id=\"95015f5\" data-element_type=\"widget\" data-e-type=\"widget\" data-widget_type=\"text-editor.default\">\n\t\t\t\t<div class=\"elementor-widget-container\">\n\t\t\t\t\t\t\t\t\t<p><b>KUNDENBETREUUNG<\/b><\/p><ul><li>Restaurantreservierungen.<\/li><li>Buchung von Tickets f\u00fcr Sportveranstaltungen.<\/li><li>Begleitung von Gruppen auf der Insel.<\/li><li>Assistenz w\u00e4hrend des Aufenthalts.<\/li><li>Mehrsprachige offizielle Reiseleiter.<\/li><li>Fotografie-Services w\u00e4hrend der Reise, einschlie\u00dflich Drohnensessions (in Gebieten, in denen das Fliegen erlaubt ist).<\/li><\/ul>\t\t\t\t\t\t\t\t<\/div>\n\t\t\t\t<\/div>\n\t\t\t\t\t<\/div>\n\t\t<\/div>\n\t\t\t\t<div class=\"elementor-column elementor-col-33 elementor-inner-column elementor-element elementor-element-205d85b\" data-id=\"205d85b\" data-element_type=\"column\" data-e-type=\"column\" data-settings=\"{&quot;background_background&quot;:&quot;classic&quot;}\">\n\t\t\t<div class=\"elementor-widget-wrap elementor-element-populated\">\n\t\t\t\t\t\t<div class=\"elementor-element elementor-element-f5e8b65 elementor-widget elementor-widget-text-editor\" data-id=\"f5e8b65\" data-element_type=\"widget\" data-e-type=\"widget\" data-widget_type=\"text-editor.default\">\n\t\t\t\t<div class=\"elementor-widget-container\">\n\t\t\t\t\t\t\t\t\t<p><b>GREENFEES &amp; PAKETE<\/b><\/p><ul><li>Wir sind spezialisiert auf die Erstellung von Greenfee-Paketen in Spanien. Sowohl f\u00fcr wiederkehrende Besucher als auch f\u00fcr Erstbesucher bieten wir die besten<\/li><li>Kombinationen, um auf verschiedenen Golfpl\u00e4tzen zu spielen.<\/li><\/ul>\t\t\t\t\t\t\t\t<\/div>\n\t\t\t\t<\/div>\n\t\t\t\t\t<\/div>\n\t\t<\/div>\n\t\t\t\t<div class=\"elementor-column elementor-col-33 elementor-inner-column elementor-element elementor-element-5ee5650\" data-id=\"5ee5650\" data-element_type=\"column\" data-e-type=\"column\" data-settings=\"{&quot;background_background&quot;:&quot;classic&quot;}\">\n\t\t\t<div class=\"elementor-widget-wrap elementor-element-populated\">\n\t\t\t\t\t\t<div class=\"elementor-element elementor-element-c5cb4de elementor-widget elementor-widget-text-editor\" data-id=\"c5cb4de\" data-element_type=\"widget\" data-e-type=\"widget\" data-widget_type=\"text-editor.default\">\n\t\t\t\t<div class=\"elementor-widget-container\">\n\t\t\t\t\t\t\t\t\t<p class=\"p1\"><strong>GOLFPAKETE<\/strong><\/p><ul><li><p class=\"p1\">Wir erstellen Golfpakete, in denen wir die beste Kombination aus Unterkunft und Green Fees anbieten.<\/p><\/li><li><p class=\"p1\">Wir arbeiten mit den besten Optionen in jeder Region sowie \u00e0 la carte<\/p><\/li><\/ul>\t\t\t\t\t\t\t\t<\/div>\n\t\t\t\t<\/div>\n\t\t\t\t\t<\/div>\n\t\t<\/div>\n\t\t\t\t\t<\/div>\n\t\t<\/section>\n\t\t\t\t\t<\/div>\n\t\t<\/div>\n\t\t\t\t\t<\/div>\n\t\t<\/section>\n\t\t\t\t<\/div>\n\t\t","protected":false},"excerpt":{"rendered":"<p>Gesch\u00e4ftliche Vertretung SMART GOFL TRTAVEL Gesch\u00e4ftliche Vertretung Bei Smart Golf Travel sind wir Experten in der kommerziellen Vertretung von Hotels und Hotelketten, die darauf abzielen, ihre Verk\u00e4ufe auf dem wettbewerbsintensiven Golfmarkt zu steigern. Der golfbezogene Tourismus zieht in Spanien mehr als eine Million ausl\u00e4ndische Touristen an, fast alle davon Europ\u00e4er, und Spanien als das Nummer-eins-Ziel [&hellip;]<\/p>\n","protected":false},"author":1,"featured_media":0,"parent":0,"menu_order":0,"comment_status":"closed","ping_status":"closed","template":"","meta":{"content-type":"","footnotes":""},"class_list":["post-4774","page","type-page","status-publish","hentry"],"_links":{"self":[{"href":"https:\/\/www.smartgolftravel.com\/de\/wp-json\/wp\/v2\/pages\/4774","targetHints":{"allow":["GET"]}}],"collection":[{"href":"https:\/\/www.smartgolftravel.com\/de\/wp-json\/wp\/v2\/pages"}],"about":[{"href":"https:\/\/www.smartgolftravel.com\/de\/wp-json\/wp\/v2\/types\/page"}],"author":[{"embeddable":true,"href":"https:\/\/www.smartgolftravel.com\/de\/wp-json\/wp\/v2\/users\/1"}],"replies":[{"embeddable":true,"href":"https:\/\/www.smartgolftravel.com\/de\/wp-json\/wp\/v2\/comments?post=4774"}],"version-history":[{"count":69,"href":"https:\/\/www.smartgolftravel.com\/de\/wp-json\/wp\/v2\/pages\/4774\/revisions"}],"predecessor-version":[{"id":8451,"href":"https:\/\/www.smartgolftravel.com\/de\/wp-json\/wp\/v2\/pages\/4774\/revisions\/8451"}],"wp:attachment":[{"href":"https:\/\/www.smartgolftravel.com\/de\/wp-json\/wp\/v2\/media?parent=4774"}],"curies":[{"name":"wp","href":"https:\/\/api.w.org\/{rel}","templated":true}]}}