{"id":4766,"date":"2023-03-30T07:10:55","date_gmt":"2023-03-30T07:10:55","guid":{"rendered":"https:\/\/www.smartgolftravel.com\/grupos-e-incentivos\/"},"modified":"2023-11-06T16:05:33","modified_gmt":"2023-11-06T16:05:33","slug":"gruppenangebote-und-anreize","status":"publish","type":"page","link":"https:\/\/www.smartgolftravel.com\/de\/gruppenangebote-und-anreize\/","title":{"rendered":"Gruppenangebote und Incentives"},"content":{"rendered":"\t\t<div data-elementor-type=\"wp-page\" data-elementor-id=\"4766\" class=\"elementor elementor-4766 elementor-2753\" data-elementor-settings=\"{&quot;ha_cmc_init_switcher&quot;:&quot;no&quot;}\" data-elementor-post-type=\"page\">\n\t\t\t\t\t\t<section class=\"elementor-section elementor-top-section elementor-element elementor-element-7b28981 elementor-section-full_width elementor-section-height-min-height elementor-section-height-default elementor-section-items-middle\" data-id=\"7b28981\" data-element_type=\"section\" data-e-type=\"section\" data-settings=\"{&quot;jet_parallax_layout_list&quot;:[],&quot;background_background&quot;:&quot;classic&quot;,&quot;background_motion_fx_motion_fx_scrolling&quot;:&quot;yes&quot;,&quot;background_motion_fx_translateY_effect&quot;:&quot;yes&quot;,&quot;background_motion_fx_translateY_speed&quot;:{&quot;unit&quot;:&quot;px&quot;,&quot;size&quot;:1.7,&quot;sizes&quot;:[]},&quot;background_motion_fx_devices&quot;:[&quot;desktop&quot;,&quot;tablet&quot;],&quot;background_motion_fx_translateY_affectedRange&quot;:{&quot;unit&quot;:&quot;%&quot;,&quot;size&quot;:&quot;&quot;,&quot;sizes&quot;:{&quot;start&quot;:0,&quot;end&quot;:100}},&quot;_ha_eqh_enable&quot;:false}\">\n\t\t\t\t\t\t\t<div class=\"elementor-background-overlay\"><\/div>\n\t\t\t\t\t\t\t<div class=\"elementor-container elementor-column-gap-default\">\n\t\t\t\t\t<div class=\"elementor-column elementor-col-100 elementor-top-column elementor-element elementor-element-ad5d677\" data-id=\"ad5d677\" data-element_type=\"column\" data-e-type=\"column\">\n\t\t\t<div class=\"elementor-widget-wrap elementor-element-populated\">\n\t\t\t\t\t\t<section class=\"elementor-section elementor-inner-section elementor-element elementor-element-7c0b995 elementor-section-boxed elementor-section-height-default elementor-section-height-default\" data-id=\"7c0b995\" data-element_type=\"section\" data-e-type=\"section\" data-settings=\"{&quot;jet_parallax_layout_list&quot;:[],&quot;_ha_eqh_enable&quot;:false}\">\n\t\t\t\t\t\t<div class=\"elementor-container elementor-column-gap-default\">\n\t\t\t\t\t<div class=\"elementor-column elementor-col-100 elementor-inner-column elementor-element elementor-element-35742dc\" data-id=\"35742dc\" data-element_type=\"column\" data-e-type=\"column\">\n\t\t\t<div class=\"elementor-widget-wrap elementor-element-populated\">\n\t\t\t\t\t\t<div class=\"elementor-element elementor-element-7b6d286 elementor-widget__width-auto elementor-widget elementor-widget-image\" data-id=\"7b6d286\" data-element_type=\"widget\" data-e-type=\"widget\" data-widget_type=\"image.default\">\n\t\t\t\t<div class=\"elementor-widget-container\">\n\t\t\t\t\t\t\t\t\t\t\t\t\t\t\t<img fetchpriority=\"high\" decoding=\"async\" width=\"338\" height=\"344\" src=\"https:\/\/www.smartgolftravel.com\/wp-content\/uploads\/2023\/03\/smart-golf-travel.png\" class=\"attachment-large size-large wp-image-1765\" alt=\"\" \/>\t\t\t\t\t\t\t\t\t\t\t\t\t\t\t<\/div>\n\t\t\t\t<\/div>\n\t\t\t\t<div class=\"elementor-element elementor-element-dc38ab2 elementor-widget__width-auto elementor-widget elementor-widget-heading\" data-id=\"dc38ab2\" data-element_type=\"widget\" data-e-type=\"widget\" data-widget_type=\"heading.default\">\n\t\t\t\t<div class=\"elementor-widget-container\">\n\t\t\t\t\t<h1 class=\"elementor-heading-title elementor-size-default\">Gruppenangebote und Anreize<\/h1>\t\t\t\t<\/div>\n\t\t\t\t<\/div>\n\t\t\t\t\t<\/div>\n\t\t<\/div>\n\t\t\t\t\t<\/div>\n\t\t<\/section>\n\t\t\t\t\t<\/div>\n\t\t<\/div>\n\t\t\t\t\t<\/div>\n\t\t<\/section>\n\t\t\t\t<section class=\"elementor-section elementor-top-section elementor-element elementor-element-ae615f0 elementor-section-boxed elementor-section-height-default elementor-section-height-default\" data-id=\"ae615f0\" data-element_type=\"section\" data-e-type=\"section\" data-settings=\"{&quot;jet_parallax_layout_list&quot;:[],&quot;_ha_eqh_enable&quot;:false}\">\n\t\t\t\t\t\t<div class=\"elementor-container elementor-column-gap-default\">\n\t\t\t\t\t<div class=\"elementor-column elementor-col-50 elementor-top-column elementor-element elementor-element-3a8bec9\" data-id=\"3a8bec9\" data-element_type=\"column\" data-e-type=\"column\">\n\t\t\t<div class=\"elementor-widget-wrap elementor-element-populated\">\n\t\t\t\t\t\t<div class=\"elementor-element elementor-element-50f95b8 elementor-widget elementor-widget-heading\" data-id=\"50f95b8\" data-element_type=\"widget\" data-e-type=\"widget\" data-widget_type=\"heading.default\">\n\t\t\t\t<div class=\"elementor-widget-container\">\n\t\t\t\t\t<h3 class=\"elementor-heading-title elementor-size-default\">SMART GOFL TRTAVEL<\/h3>\t\t\t\t<\/div>\n\t\t\t\t<\/div>\n\t\t\t\t<div class=\"elementor-element elementor-element-0f239ac elementor-widget elementor-widget-heading\" data-id=\"0f239ac\" data-element_type=\"widget\" data-e-type=\"widget\" data-widget_type=\"heading.default\">\n\t\t\t\t<div class=\"elementor-widget-container\">\n\t\t\t\t\t<h2 class=\"elementor-heading-title elementor-size-default\">Gruppenangebote und Anreize<\/h2>\t\t\t\t<\/div>\n\t\t\t\t<\/div>\n\t\t\t\t<div class=\"elementor-element elementor-element-68ac0c6 elementor-widget elementor-widget-text-editor\" data-id=\"68ac0c6\" data-element_type=\"widget\" data-e-type=\"widget\" data-widget_type=\"text-editor.default\">\n\t\t\t\t<div class=\"elementor-widget-container\">\n\t\t\t\t\t\t\t\t\t<p class=\"p1\">Bei Smart Golf Travel wissen wir, dass die Organisation einer Incentive-Reise, die Golf als Hauptaktivit\u00e4t beinhaltet, eine ausgezeichnete M\u00f6glichkeit sein kann, Mitglieder Ihres Unternehmens zu motivieren und Teamgeist zu f\u00f6rdern, und wir haben genau das, was Sie brauchen!<\/p><p class=\"p1\">Golf ist eine Aktivit\u00e4t, die freundlichen Wettbewerb, Zusammenarbeit und Verbesserung der F\u00e4higkeiten f\u00f6rdert und somit eine ideale Wahl f\u00fcr eine Incentive-Reise darstellt. Dar\u00fcber hinaus kann Golf \u00fcberall auf der Welt gespielt werden, was viele Destinationsoptionen bietet, aus denen Sie w\u00e4hlen k\u00f6nnen.<\/p>\t\t\t\t\t\t\t\t<\/div>\n\t\t\t\t<\/div>\n\t\t\t\t\t<\/div>\n\t\t<\/div>\n\t\t\t\t<div class=\"elementor-column elementor-col-50 elementor-top-column elementor-element elementor-element-16b9329\" data-id=\"16b9329\" data-element_type=\"column\" data-e-type=\"column\">\n\t\t\t<div class=\"elementor-widget-wrap elementor-element-populated\">\n\t\t\t\t\t\t<div class=\"elementor-element elementor-element-f3a0d9a elementor-widget elementor-widget-image\" data-id=\"f3a0d9a\" data-element_type=\"widget\" data-e-type=\"widget\" data-widget_type=\"image.default\">\n\t\t\t\t<div class=\"elementor-widget-container\">\n\t\t\t\t\t\t\t\t\t\t\t\t\t\t\t<img decoding=\"async\" width=\"800\" height=\"534\" src=\"https:\/\/www.smartgolftravel.com\/wp-content\/uploads\/2023\/06\/smart-golf-travel-holidays-1024x683.jpg\" class=\"attachment-large size-large wp-image-8173\" alt=\"\" srcset=\"https:\/\/www.smartgolftravel.com\/wp-content\/uploads\/2023\/06\/smart-golf-travel-holidays-1024x683.jpg 1024w, https:\/\/www.smartgolftravel.com\/wp-content\/uploads\/2023\/06\/smart-golf-travel-holidays-300x200.jpg 300w, https:\/\/www.smartgolftravel.com\/wp-content\/uploads\/2023\/06\/smart-golf-travel-holidays-768x513.jpg 768w, https:\/\/www.smartgolftravel.com\/wp-content\/uploads\/2023\/06\/smart-golf-travel-holidays.jpg 1500w\" sizes=\"(max-width: 800px) 100vw, 800px\" \/>\t\t\t\t\t\t\t\t\t\t\t\t\t\t\t<\/div>\n\t\t\t\t<\/div>\n\t\t\t\t<div class=\"elementor-element elementor-element-1b6649f elementor-widget__width-auto elementor-absolute elementor-hidden-tablet elementor-hidden-mobile elementor-widget elementor-widget-image\" data-id=\"1b6649f\" data-element_type=\"widget\" data-e-type=\"widget\" data-settings=\"{&quot;_position&quot;:&quot;absolute&quot;}\" data-widget_type=\"image.default\">\n\t\t\t\t<div class=\"elementor-widget-container\">\n\t\t\t\t\t\t\t\t\t\t\t\t\t\t\t<img decoding=\"async\" width=\"800\" height=\"534\" src=\"https:\/\/www.smartgolftravel.com\/wp-content\/uploads\/2023\/04\/SMART-GOLF-TRAVEL-GRUPO-E-INCENTIVOS-golf-smart-1024x683.jpg\" class=\"attachment-large size-large wp-image-2905\" alt=\"\" srcset=\"https:\/\/www.smartgolftravel.com\/wp-content\/uploads\/2023\/04\/SMART-GOLF-TRAVEL-GRUPO-E-INCENTIVOS-golf-smart-1024x683.jpg 1024w, https:\/\/www.smartgolftravel.com\/wp-content\/uploads\/2023\/04\/SMART-GOLF-TRAVEL-GRUPO-E-INCENTIVOS-golf-smart-300x200.jpg 300w, https:\/\/www.smartgolftravel.com\/wp-content\/uploads\/2023\/04\/SMART-GOLF-TRAVEL-GRUPO-E-INCENTIVOS-golf-smart-768x512.jpg 768w, https:\/\/www.smartgolftravel.com\/wp-content\/uploads\/2023\/04\/SMART-GOLF-TRAVEL-GRUPO-E-INCENTIVOS-golf-smart.jpg 1500w\" sizes=\"(max-width: 800px) 100vw, 800px\" \/>\t\t\t\t\t\t\t\t\t\t\t\t\t\t\t<\/div>\n\t\t\t\t<\/div>\n\t\t\t\t\t<\/div>\n\t\t<\/div>\n\t\t\t\t\t<\/div>\n\t\t<\/section>\n\t\t\t\t<section class=\"elementor-section elementor-top-section elementor-element elementor-element-206864c elementor-section-boxed elementor-section-height-default elementor-section-height-default\" data-id=\"206864c\" data-element_type=\"section\" data-e-type=\"section\" data-settings=\"{&quot;jet_parallax_layout_list&quot;:[],&quot;_ha_eqh_enable&quot;:false}\">\n\t\t\t\t\t\t<div class=\"elementor-container elementor-column-gap-default\">\n\t\t\t\t\t<div class=\"elementor-column elementor-col-50 elementor-top-column elementor-element elementor-element-8d74ff4 elementor-hidden-tablet elementor-hidden-mobile\" data-id=\"8d74ff4\" data-element_type=\"column\" data-e-type=\"column\">\n\t\t\t<div class=\"elementor-widget-wrap elementor-element-populated\">\n\t\t\t\t\t\t<div class=\"elementor-element elementor-element-0f76c1f elementor-widget elementor-widget-image\" data-id=\"0f76c1f\" data-element_type=\"widget\" data-e-type=\"widget\" data-widget_type=\"image.default\">\n\t\t\t\t<div class=\"elementor-widget-container\">\n\t\t\t\t\t\t\t\t\t\t\t\t\t\t\t<img loading=\"lazy\" decoding=\"async\" width=\"800\" height=\"534\" src=\"https:\/\/www.smartgolftravel.com\/wp-content\/uploads\/2023\/04\/SMARTGOLF-TRAVEL-GRUPOS-E-INCENTIVOS-1024x683.jpg\" class=\"attachment-large size-large wp-image-2923\" alt=\"\" srcset=\"https:\/\/www.smartgolftravel.com\/wp-content\/uploads\/2023\/04\/SMARTGOLF-TRAVEL-GRUPOS-E-INCENTIVOS-1024x683.jpg 1024w, https:\/\/www.smartgolftravel.com\/wp-content\/uploads\/2023\/04\/SMARTGOLF-TRAVEL-GRUPOS-E-INCENTIVOS-300x200.jpg 300w, https:\/\/www.smartgolftravel.com\/wp-content\/uploads\/2023\/04\/SMARTGOLF-TRAVEL-GRUPOS-E-INCENTIVOS-768x512.jpg 768w, https:\/\/www.smartgolftravel.com\/wp-content\/uploads\/2023\/04\/SMARTGOLF-TRAVEL-GRUPOS-E-INCENTIVOS.jpg 1500w\" sizes=\"(max-width: 800px) 100vw, 800px\" \/>\t\t\t\t\t\t\t\t\t\t\t\t\t\t\t<\/div>\n\t\t\t\t<\/div>\n\t\t\t\t<div class=\"elementor-element elementor-element-8ca5621 elementor-widget__width-auto elementor-absolute elementor-widget elementor-widget-image\" data-id=\"8ca5621\" data-element_type=\"widget\" data-e-type=\"widget\" data-settings=\"{&quot;_position&quot;:&quot;absolute&quot;}\" data-widget_type=\"image.default\">\n\t\t\t\t<div class=\"elementor-widget-container\">\n\t\t\t\t\t\t\t\t\t\t\t\t\t\t\t<img loading=\"lazy\" decoding=\"async\" width=\"800\" height=\"534\" src=\"https:\/\/www.smartgolftravel.com\/wp-content\/uploads\/2023\/04\/SMART-GOLF-TRAVEL-GRUPO-E-INCENTIVOS-golf-1024x683.jpg\" class=\"attachment-large size-large wp-image-2908\" alt=\"\" srcset=\"https:\/\/www.smartgolftravel.com\/wp-content\/uploads\/2023\/04\/SMART-GOLF-TRAVEL-GRUPO-E-INCENTIVOS-golf-1024x683.jpg 1024w, https:\/\/www.smartgolftravel.com\/wp-content\/uploads\/2023\/04\/SMART-GOLF-TRAVEL-GRUPO-E-INCENTIVOS-golf-300x200.jpg 300w, https:\/\/www.smartgolftravel.com\/wp-content\/uploads\/2023\/04\/SMART-GOLF-TRAVEL-GRUPO-E-INCENTIVOS-golf-768x512.jpg 768w, https:\/\/www.smartgolftravel.com\/wp-content\/uploads\/2023\/04\/SMART-GOLF-TRAVEL-GRUPO-E-INCENTIVOS-golf.jpg 1500w\" sizes=\"(max-width: 800px) 100vw, 800px\" \/>\t\t\t\t\t\t\t\t\t\t\t\t\t\t\t<\/div>\n\t\t\t\t<\/div>\n\t\t\t\t\t<\/div>\n\t\t<\/div>\n\t\t\t\t<div class=\"elementor-column elementor-col-50 elementor-top-column elementor-element elementor-element-1045f4d\" data-id=\"1045f4d\" data-element_type=\"column\" data-e-type=\"column\">\n\t\t\t<div class=\"elementor-widget-wrap elementor-element-populated\">\n\t\t\t\t\t\t<div class=\"elementor-element elementor-element-7f024f3 elementor-widget elementor-widget-text-editor\" data-id=\"7f024f3\" data-element_type=\"widget\" data-e-type=\"widget\" data-widget_type=\"text-editor.default\">\n\t\t\t\t<div class=\"elementor-widget-container\">\n\t\t\t\t\t\t\t\t\t<p class=\"p1\">Neben dem Golfspielen k\u00f6nnen Sie auch andere aufregende Aktivit\u00e4ten in Ihre Incentive-Reise integrieren, wie thematische Abendessen, Ausfl\u00fcge und Abenteueraktivit\u00e4ten. Diese Aktivit\u00e4ten k\u00f6nnen die Zusammenarbeit und Kameradschaft unter den Teammitgliedern f\u00f6rdern, w\u00e4hrend sie gemeinsam Zeit au\u00dferhalb des Arbeitsumfelds genie\u00dfen.<\/p><p class=\"p1\">Zusammenfassend l\u00e4sst sich sagen, dass die Organisation einer Incentive-Reise f\u00fcr Ihr Unternehmen ein einzigartiges und aufregendes Erlebnis sein kann, und das Golfspielen w\u00e4hrend der Reise eine ausgezeichnete M\u00f6glichkeit sein kann, freundlichen Wettbewerb und Kameradschaft unter den Teammitgliedern zu f\u00f6rdern. Mit so vielen Golfzielen in Spanien gibt es viele M\u00f6glichkeiten, die Reise zu individualisieren und unvergesslich zu gestalten.<\/p>\t\t\t\t\t\t\t\t<\/div>\n\t\t\t\t<\/div>\n\t\t\t\t\t<\/div>\n\t\t<\/div>\n\t\t\t\t\t<\/div>\n\t\t<\/section>\n\t\t\t\t<section class=\"elementor-section elementor-top-section elementor-element elementor-element-b1e5c4b elementor-reverse-tablet elementor-reverse-mobile elementor-section-boxed elementor-section-height-default elementor-section-height-default\" data-id=\"b1e5c4b\" data-element_type=\"section\" data-e-type=\"section\" data-settings=\"{&quot;jet_parallax_layout_list&quot;:[],&quot;_ha_eqh_enable&quot;:false}\">\n\t\t\t\t\t\t<div class=\"elementor-container elementor-column-gap-default\">\n\t\t\t\t\t<div class=\"elementor-column elementor-col-50 elementor-top-column elementor-element elementor-element-1da2a97\" data-id=\"1da2a97\" data-element_type=\"column\" data-e-type=\"column\">\n\t\t\t<div class=\"elementor-widget-wrap elementor-element-populated\">\n\t\t\t\t\t\t<div class=\"elementor-element elementor-element-11a13d7 elementor-widget elementor-widget-text-editor\" data-id=\"11a13d7\" data-element_type=\"widget\" data-e-type=\"widget\" data-widget_type=\"text-editor.default\">\n\t\t\t\t<div class=\"elementor-widget-container\">\n\t\t\t\t\t\t\t\t\t<p>Wir bieten einen umfassenden Service f\u00fcr Gruppenreisen und Incentives f\u00fcr Unternehmen an, der erg\u00e4nzende Aktivit\u00e4ten und besondere Erlebnisse umfasst, um sicherzustellen, dass Ihr Team sich gesch\u00e4tzt und motiviert f\u00fchlt. M\u00f6chten Sie ein Golfturnier auf einem der besten Pl\u00e4tze Spaniens spielen? Oder bevorzugen Sie es, die lokale Kultur zu erkunden und in einem Luxusrestaurant zu essen? Egal, was Sie wollen, wir haben Optionen f\u00fcr alle Geschm\u00e4cker und Budgets! Von Weingutsbesuchen und Kochkursen bis hin zu Ausfl\u00fcgen zu historischen St\u00e4tten und Ballonfahrten bieten wir als Agentur alles, was Sie f\u00fcr eine unvergessliche Gruppenreise in Spanien ben\u00f6tigen.<\/p><p><span style=\"color: var( --e-global-color-secondary );\">Unser Team von Reisefachleuten k\u00fcmmert sich um alle Details, damit Sie sich entspannen und Ihre Incentive-Reise mit Ihren Kollegen genie\u00dfen k\u00f6nnen. Wir sorgen daf\u00fcr, dass alles perfekt ist, von Transport und Unterkunft bis hin zu Restaurantreservierungen und Aktivit\u00e4ten. Kurz gesagt, wenn Sie nach einer aufregenden M\u00f6glichkeit suchen, Ihr Team zu motivieren und Kameradschaft zu f\u00f6rdern, kontaktieren Sie uns noch heute, um gemeinsam zu planen!<\/span><\/p>\t\t\t\t\t\t\t\t<\/div>\n\t\t\t\t<\/div>\n\t\t\t\t\t<\/div>\n\t\t<\/div>\n\t\t\t\t<div class=\"elementor-column elementor-col-50 elementor-top-column elementor-element elementor-element-6459bcd\" data-id=\"6459bcd\" data-element_type=\"column\" data-e-type=\"column\">\n\t\t\t<div class=\"elementor-widget-wrap elementor-element-populated\">\n\t\t\t\t\t\t<div class=\"elementor-element elementor-element-fb72b71 elementor-widget elementor-widget-image\" data-id=\"fb72b71\" data-element_type=\"widget\" data-e-type=\"widget\" data-widget_type=\"image.default\">\n\t\t\t\t<div class=\"elementor-widget-container\">\n\t\t\t\t\t\t\t\t\t\t\t\t\t\t\t<img loading=\"lazy\" decoding=\"async\" width=\"800\" height=\"534\" src=\"https:\/\/www.smartgolftravel.com\/wp-content\/uploads\/2023\/04\/SMART-GOLF-TRAVEL-GRUPOS-E-INCENTIVOS-1-1024x683.jpg\" class=\"attachment-large size-large wp-image-2911\" alt=\"\" srcset=\"https:\/\/www.smartgolftravel.com\/wp-content\/uploads\/2023\/04\/SMART-GOLF-TRAVEL-GRUPOS-E-INCENTIVOS-1-1024x683.jpg 1024w, https:\/\/www.smartgolftravel.com\/wp-content\/uploads\/2023\/04\/SMART-GOLF-TRAVEL-GRUPOS-E-INCENTIVOS-1-300x200.jpg 300w, https:\/\/www.smartgolftravel.com\/wp-content\/uploads\/2023\/04\/SMART-GOLF-TRAVEL-GRUPOS-E-INCENTIVOS-1-768x512.jpg 768w, https:\/\/www.smartgolftravel.com\/wp-content\/uploads\/2023\/04\/SMART-GOLF-TRAVEL-GRUPOS-E-INCENTIVOS-1.jpg 1500w\" sizes=\"(max-width: 800px) 100vw, 800px\" \/>\t\t\t\t\t\t\t\t\t\t\t\t\t\t\t<\/div>\n\t\t\t\t<\/div>\n\t\t\t\t<div class=\"elementor-element elementor-element-47dda9b elementor-widget__width-auto elementor-absolute elementor-hidden-tablet elementor-hidden-mobile elementor-widget elementor-widget-image\" data-id=\"47dda9b\" data-element_type=\"widget\" data-e-type=\"widget\" data-settings=\"{&quot;_position&quot;:&quot;absolute&quot;}\" data-widget_type=\"image.default\">\n\t\t\t\t<div class=\"elementor-widget-container\">\n\t\t\t\t\t\t\t\t\t\t\t\t\t\t\t<img loading=\"lazy\" decoding=\"async\" width=\"800\" height=\"534\" src=\"https:\/\/www.smartgolftravel.com\/wp-content\/uploads\/2023\/04\/SMART-GOLF-GRUPOS-E-INCENTIVOS-1-1024x683.jpg\" class=\"attachment-large size-large wp-image-2902\" alt=\"\" srcset=\"https:\/\/www.smartgolftravel.com\/wp-content\/uploads\/2023\/04\/SMART-GOLF-GRUPOS-E-INCENTIVOS-1-1024x683.jpg 1024w, https:\/\/www.smartgolftravel.com\/wp-content\/uploads\/2023\/04\/SMART-GOLF-GRUPOS-E-INCENTIVOS-1-300x200.jpg 300w, https:\/\/www.smartgolftravel.com\/wp-content\/uploads\/2023\/04\/SMART-GOLF-GRUPOS-E-INCENTIVOS-1-768x512.jpg 768w, https:\/\/www.smartgolftravel.com\/wp-content\/uploads\/2023\/04\/SMART-GOLF-GRUPOS-E-INCENTIVOS-1.jpg 1500w\" sizes=\"(max-width: 800px) 100vw, 800px\" \/>\t\t\t\t\t\t\t\t\t\t\t\t\t\t\t<\/div>\n\t\t\t\t<\/div>\n\t\t\t\t\t<\/div>\n\t\t<\/div>\n\t\t\t\t\t<\/div>\n\t\t<\/section>\n\t\t\t\t<section class=\"elementor-section elementor-top-section elementor-element elementor-element-17deb8f elementor-section-boxed elementor-section-height-default elementor-section-height-default\" data-id=\"17deb8f\" data-element_type=\"section\" data-e-type=\"section\" data-settings=\"{&quot;jet_parallax_layout_list&quot;:[],&quot;_ha_eqh_enable&quot;:false}\">\n\t\t\t\t\t\t<div class=\"elementor-container elementor-column-gap-default\">\n\t\t\t\t\t<div class=\"elementor-column elementor-col-100 elementor-top-column elementor-element elementor-element-c6f46a8\" data-id=\"c6f46a8\" data-element_type=\"column\" data-e-type=\"column\">\n\t\t\t<div class=\"elementor-widget-wrap\">\n\t\t\t\t\t\t\t<\/div>\n\t\t<\/div>\n\t\t\t\t\t<\/div>\n\t\t<\/section>\n\t\t\t\t<\/div>\n\t\t","protected":false},"excerpt":{"rendered":"<p>Gruppenangebote und Anreize SMART GOFL TRTAVEL Gruppenangebote und Anreize Bei Smart Golf Travel wissen wir, dass die Organisation einer Incentive-Reise, die Golf als Hauptaktivit\u00e4t beinhaltet, eine ausgezeichnete M\u00f6glichkeit sein kann, Mitglieder Ihres Unternehmens zu motivieren und Teamgeist zu f\u00f6rdern, und wir haben genau das, was Sie brauchen! Golf ist eine Aktivit\u00e4t, die freundlichen Wettbewerb, Zusammenarbeit [&hellip;]<\/p>\n","protected":false},"author":1,"featured_media":0,"parent":0,"menu_order":0,"comment_status":"closed","ping_status":"closed","template":"","meta":{"content-type":"","footnotes":""},"class_list":["post-4766","page","type-page","status-publish","hentry"],"_links":{"self":[{"href":"https:\/\/www.smartgolftravel.com\/de\/wp-json\/wp\/v2\/pages\/4766","targetHints":{"allow":["GET"]}}],"collection":[{"href":"https:\/\/www.smartgolftravel.com\/de\/wp-json\/wp\/v2\/pages"}],"about":[{"href":"https:\/\/www.smartgolftravel.com\/de\/wp-json\/wp\/v2\/types\/page"}],"author":[{"embeddable":true,"href":"https:\/\/www.smartgolftravel.com\/de\/wp-json\/wp\/v2\/users\/1"}],"replies":[{"embeddable":true,"href":"https:\/\/www.smartgolftravel.com\/de\/wp-json\/wp\/v2\/comments?post=4766"}],"version-history":[{"count":60,"href":"https:\/\/www.smartgolftravel.com\/de\/wp-json\/wp\/v2\/pages\/4766\/revisions"}],"predecessor-version":[{"id":8450,"href":"https:\/\/www.smartgolftravel.com\/de\/wp-json\/wp\/v2\/pages\/4766\/revisions\/8450"}],"wp:attachment":[{"href":"https:\/\/www.smartgolftravel.com\/de\/wp-json\/wp\/v2\/media?parent=4766"}],"curies":[{"name":"wp","href":"https:\/\/api.w.org\/{rel}","templated":true}]}}