{"id":4697,"date":"2023-03-24T15:40:26","date_gmt":"2023-03-24T15:40:26","guid":{"rendered":"https:\/\/www.smartgolftravel.com\/green-fees-golf\/"},"modified":"2023-06-06T14:36:31","modified_gmt":"2023-06-06T14:36:31","slug":"greenfees-golf","status":"publish","type":"page","link":"https:\/\/www.smartgolftravel.com\/de\/greenfees-golf\/","title":{"rendered":"Greenfees"},"content":{"rendered":"\t\t<div data-elementor-type=\"wp-page\" data-elementor-id=\"4697\" class=\"elementor elementor-4697 elementor-1453\" data-elementor-settings=\"{&quot;ha_cmc_init_switcher&quot;:&quot;no&quot;}\" data-elementor-post-type=\"page\">\n\t\t\t\t\t\t<section class=\"elementor-section elementor-top-section elementor-element elementor-element-fbb8874 elementor-section-full_width elementor-section-height-min-height elementor-section-stretched elementor-section-height-default elementor-section-items-middle\" data-id=\"fbb8874\" data-element_type=\"section\" data-e-type=\"section\" data-settings=\"{&quot;jet_parallax_layout_list&quot;:[],&quot;background_background&quot;:&quot;classic&quot;,&quot;background_motion_fx_motion_fx_scrolling&quot;:&quot;yes&quot;,&quot;background_motion_fx_translateY_effect&quot;:&quot;yes&quot;,&quot;background_motion_fx_translateY_speed&quot;:{&quot;unit&quot;:&quot;px&quot;,&quot;size&quot;:1.7,&quot;sizes&quot;:[]},&quot;background_motion_fx_devices&quot;:[&quot;desktop&quot;,&quot;tablet&quot;],&quot;stretch_section&quot;:&quot;section-stretched&quot;,&quot;background_motion_fx_translateY_affectedRange&quot;:{&quot;unit&quot;:&quot;%&quot;,&quot;size&quot;:&quot;&quot;,&quot;sizes&quot;:{&quot;start&quot;:0,&quot;end&quot;:100}},&quot;_ha_eqh_enable&quot;:false}\">\n\t\t\t\t\t\t\t<div class=\"elementor-background-overlay\"><\/div>\n\t\t\t\t\t\t\t<div class=\"elementor-container elementor-column-gap-default\">\n\t\t\t\t\t<div class=\"elementor-column elementor-col-100 elementor-top-column elementor-element elementor-element-733d7bd\" data-id=\"733d7bd\" data-element_type=\"column\" data-e-type=\"column\">\n\t\t\t<div class=\"elementor-widget-wrap elementor-element-populated\">\n\t\t\t\t\t\t<section class=\"elementor-section elementor-inner-section elementor-element elementor-element-88c4040 elementor-section-boxed elementor-section-height-default elementor-section-height-default\" data-id=\"88c4040\" data-element_type=\"section\" data-e-type=\"section\" data-settings=\"{&quot;jet_parallax_layout_list&quot;:[],&quot;_ha_eqh_enable&quot;:false}\">\n\t\t\t\t\t\t<div class=\"elementor-container elementor-column-gap-default\">\n\t\t\t\t\t<div class=\"elementor-column elementor-col-100 elementor-inner-column elementor-element elementor-element-a2b232b\" data-id=\"a2b232b\" data-element_type=\"column\" data-e-type=\"column\">\n\t\t\t<div class=\"elementor-widget-wrap elementor-element-populated\">\n\t\t\t\t\t\t<div class=\"elementor-element elementor-element-dd7cc1e elementor-widget__width-auto elementor-widget elementor-widget-image\" data-id=\"dd7cc1e\" data-element_type=\"widget\" data-e-type=\"widget\" data-widget_type=\"image.default\">\n\t\t\t\t<div class=\"elementor-widget-container\">\n\t\t\t\t\t\t\t\t\t\t\t\t\t\t\t<img fetchpriority=\"high\" decoding=\"async\" width=\"338\" height=\"344\" src=\"https:\/\/www.smartgolftravel.com\/wp-content\/uploads\/2023\/03\/smart-golf-travel.png\" class=\"attachment-large size-large wp-image-1765\" alt=\"\" \/>\t\t\t\t\t\t\t\t\t\t\t\t\t\t\t<\/div>\n\t\t\t\t<\/div>\n\t\t\t\t<div class=\"elementor-element elementor-element-ccf8e56 elementor-widget__width-auto elementor-widget elementor-widget-heading\" data-id=\"ccf8e56\" data-element_type=\"widget\" data-e-type=\"widget\" data-widget_type=\"heading.default\">\n\t\t\t\t<div class=\"elementor-widget-container\">\n\t\t\t\t\t<h1 class=\"elementor-heading-title elementor-size-default\">Greenfees<\/h1>\t\t\t\t<\/div>\n\t\t\t\t<\/div>\n\t\t\t\t\t<\/div>\n\t\t<\/div>\n\t\t\t\t\t<\/div>\n\t\t<\/section>\n\t\t\t\t\t<\/div>\n\t\t<\/div>\n\t\t\t\t\t<\/div>\n\t\t<\/section>\n\t\t\t\t<section class=\"elementor-section elementor-top-section elementor-element elementor-element-08001b6 elementor-section-boxed elementor-section-height-default elementor-section-height-default\" data-id=\"08001b6\" data-element_type=\"section\" data-e-type=\"section\" data-settings=\"{&quot;jet_parallax_layout_list&quot;:[],&quot;_ha_eqh_enable&quot;:false}\">\n\t\t\t\t\t\t<div class=\"elementor-container elementor-column-gap-default\">\n\t\t\t\t\t<div class=\"elementor-column elementor-col-50 elementor-top-column elementor-element elementor-element-01cac86\" data-id=\"01cac86\" data-element_type=\"column\" data-e-type=\"column\">\n\t\t\t<div class=\"elementor-widget-wrap elementor-element-populated\">\n\t\t\t\t\t\t<div class=\"elementor-element elementor-element-5cecbf0 elementor-widget elementor-widget-text-editor\" data-id=\"5cecbf0\" data-element_type=\"widget\" data-e-type=\"widget\" data-widget_type=\"text-editor.default\">\n\t\t\t\t<div class=\"elementor-widget-container\">\n\t\t\t\t\t\t\t\t\t<p>M\u00f6chten Sie ein luxuri\u00f6ses Golf-Erlebnis in Spanien genie\u00dfen? <b>Smart Golf Travel ist Ihre beste Wahl! <\/b>Unsere Green Fees erm\u00f6glichen Ihnen den Zugang zu den renommiertesten und exklusivsten Golfpl\u00e4tzen in ganz Spanien und bieten Ihren Kunden ein einzigartiges Erlebnis in der Welt des Golfsports.<\/p><p>Wir bieten Ihnen eine sorgf\u00e4ltige Auswahl an Golfpl\u00e4tzen, die aufgrund ihrer Sch\u00f6nheit und der Qualit\u00e4t ihrer Einrichtungen ausgew\u00e4hlt wurden. Zus\u00e4tzlich bieten wir einen personalisierten und erstklassigen Service, damit Ihre Kunden ein unvergessliches Erlebnis haben k\u00f6nnen.<\/p><p>Unsere Green Fees sind die perfekte Option f\u00fcr Spieler, die nur das Beste suchen. Durch die Zusammenarbeit mit uns k\u00f6nnen Sie exklusive Behandlung und die M\u00f6glichkeit bieten, auf Pl\u00e4tzen zu spielen, die sonst unzug\u00e4nglich w\u00e4ren. Wir garantieren ein einzigartiges und luxuri\u00f6ses Golf-Erlebnis, das Ihre Kunden nirgendwo anders finden werden.<\/p><p>Sind Sie bereit, Ihren Kunden ein unvergessliches Golf-Erlebnis anzubieten? Warten Sie nicht l\u00e4nger und buchen Sie die Green Fees von Smart Golf Travel! Wir versichern Ihnen, dass Sie es nicht bereuen werden, uns zu vertrauen. Wir erwarten Sie, um das Golf-Erlebnis Ihrer Kunden in Spanien zu etwas wirklich Besonderem zu machen!<\/p>\t\t\t\t\t\t\t\t<\/div>\n\t\t\t\t<\/div>\n\t\t\t\t\t<\/div>\n\t\t<\/div>\n\t\t\t\t<div class=\"elementor-column elementor-col-50 elementor-top-column elementor-element elementor-element-777709d\" data-id=\"777709d\" data-element_type=\"column\" data-e-type=\"column\">\n\t\t\t<div class=\"elementor-widget-wrap elementor-element-populated\">\n\t\t\t\t\t\t<div class=\"elementor-element elementor-element-ebcb47d elementor-widget elementor-widget-image\" data-id=\"ebcb47d\" data-element_type=\"widget\" data-e-type=\"widget\" data-widget_type=\"image.default\">\n\t\t\t\t<div class=\"elementor-widget-container\">\n\t\t\t\t\t\t\t\t\t\t\t\t\t\t\t<img decoding=\"async\" width=\"800\" height=\"598\" src=\"https:\/\/www.smartgolftravel.com\/wp-content\/uploads\/2023\/06\/smart-golf-travel-golfs-1024x765.jpg\" class=\"attachment-large size-large wp-image-8170\" alt=\"\" srcset=\"https:\/\/www.smartgolftravel.com\/wp-content\/uploads\/2023\/06\/smart-golf-travel-golfs-1024x765.jpg 1024w, https:\/\/www.smartgolftravel.com\/wp-content\/uploads\/2023\/06\/smart-golf-travel-golfs-300x224.jpg 300w, https:\/\/www.smartgolftravel.com\/wp-content\/uploads\/2023\/06\/smart-golf-travel-golfs-768x574.jpg 768w, https:\/\/www.smartgolftravel.com\/wp-content\/uploads\/2023\/06\/smart-golf-travel-golfs.jpg 1500w\" sizes=\"(max-width: 800px) 100vw, 800px\" \/>\t\t\t\t\t\t\t\t\t\t\t\t\t\t\t<\/div>\n\t\t\t\t<\/div>\n\t\t\t\t<div class=\"elementor-element elementor-element-b7fd197 elementor-widget__width-auto elementor-absolute elementor-hidden-mobile elementor-widget elementor-widget-image\" data-id=\"b7fd197\" data-element_type=\"widget\" data-e-type=\"widget\" data-settings=\"{&quot;_position&quot;:&quot;absolute&quot;}\" data-widget_type=\"image.default\">\n\t\t\t\t<div class=\"elementor-widget-container\">\n\t\t\t\t\t\t\t\t\t\t\t\t\t\t\t<img decoding=\"async\" width=\"800\" height=\"534\" src=\"https:\/\/www.smartgolftravel.com\/wp-content\/uploads\/2023\/06\/smart-golf-travel-mallorca-1024x683.jpg\" class=\"attachment-large size-large wp-image-8179\" alt=\"\" srcset=\"https:\/\/www.smartgolftravel.com\/wp-content\/uploads\/2023\/06\/smart-golf-travel-mallorca-1024x683.jpg 1024w, https:\/\/www.smartgolftravel.com\/wp-content\/uploads\/2023\/06\/smart-golf-travel-mallorca-300x200.jpg 300w, https:\/\/www.smartgolftravel.com\/wp-content\/uploads\/2023\/06\/smart-golf-travel-mallorca-768x512.jpg 768w, https:\/\/www.smartgolftravel.com\/wp-content\/uploads\/2023\/06\/smart-golf-travel-mallorca.jpg 1500w\" sizes=\"(max-width: 800px) 100vw, 800px\" \/>\t\t\t\t\t\t\t\t\t\t\t\t\t\t\t<\/div>\n\t\t\t\t<\/div>\n\t\t\t\t\t<\/div>\n\t\t<\/div>\n\t\t\t\t\t<\/div>\n\t\t<\/section>\n\t\t\t\t<section class=\"elementor-section elementor-top-section elementor-element elementor-element-61858cf elementor-section-boxed elementor-section-height-default elementor-section-height-default\" data-id=\"61858cf\" data-element_type=\"section\" data-e-type=\"section\" data-settings=\"{&quot;jet_parallax_layout_list&quot;:[],&quot;background_background&quot;:&quot;classic&quot;,&quot;_ha_eqh_enable&quot;:false}\">\n\t\t\t\t\t\t<div class=\"elementor-container elementor-column-gap-default\">\n\t\t\t\t\t<div class=\"elementor-column elementor-col-100 elementor-top-column elementor-element elementor-element-f51b71e\" data-id=\"f51b71e\" data-element_type=\"column\" data-e-type=\"column\">\n\t\t\t<div class=\"elementor-widget-wrap elementor-element-populated\">\n\t\t\t\t\t\t<div class=\"elementor-element elementor-element-fa6efad elementor-widget elementor-widget-heading\" data-id=\"fa6efad\" data-element_type=\"widget\" data-e-type=\"widget\" data-widget_type=\"heading.default\">\n\t\t\t\t<div class=\"elementor-widget-container\">\n\t\t\t\t\t<h2 class=\"elementor-heading-title elementor-size-default\">Warum warten?<\/h2>\t\t\t\t<\/div>\n\t\t\t\t<\/div>\n\t\t\t\t<div class=\"elementor-element elementor-element-81909b1 ha-has-bg-overlay elementor-widget elementor-widget-text-editor\" data-id=\"81909b1\" data-element_type=\"widget\" data-e-type=\"widget\" data-widget_type=\"text-editor.default\">\n\t\t\t\t<div class=\"elementor-widget-container\">\n\t\t\t\t\t\t\t\t\t<p>Kontaktieren Sie uns noch heute, um einen Traum-Golfurlaub zu planen und die Vorteile einer Buchung bei Smart Golf Travel zu erleben!<\/p>\t\t\t\t\t\t\t\t<\/div>\n\t\t\t\t<\/div>\n\t\t\t\t<div class=\"elementor-element elementor-element-2379d2b elementor-align-center elementor-widget elementor-widget-button\" data-id=\"2379d2b\" data-element_type=\"widget\" data-e-type=\"widget\" data-widget_type=\"button.default\">\n\t\t\t\t<div class=\"elementor-widget-container\">\n\t\t\t\t\t\t\t\t\t<div class=\"elementor-button-wrapper\">\n\t\t\t\t\t<a class=\"elementor-button elementor-button-link elementor-size-sm\" href=\"https:\/\/www.smartgolftravel.com\/de\/kontakt\/\">\n\t\t\t\t\t\t<span class=\"elementor-button-content-wrapper\">\n\t\t\t\t\t\t\t\t\t<span class=\"elementor-button-text\">Kontakt<\/span>\n\t\t\t\t\t<\/span>\n\t\t\t\t\t<\/a>\n\t\t\t\t<\/div>\n\t\t\t\t\t\t\t\t<\/div>\n\t\t\t\t<\/div>\n\t\t\t\t\t<\/div>\n\t\t<\/div>\n\t\t\t\t\t<\/div>\n\t\t<\/section>\n\t\t\t\t<\/div>\n\t\t","protected":false},"excerpt":{"rendered":"<p>Greenfees M\u00f6chten Sie ein luxuri\u00f6ses Golf-Erlebnis in Spanien genie\u00dfen? Smart Golf Travel ist Ihre beste Wahl! Unsere Green Fees erm\u00f6glichen Ihnen den Zugang zu den renommiertesten und exklusivsten Golfpl\u00e4tzen in ganz Spanien und bieten Ihren Kunden ein einzigartiges Erlebnis in der Welt des Golfsports. Wir bieten Ihnen eine sorgf\u00e4ltige Auswahl an Golfpl\u00e4tzen, die aufgrund ihrer [&hellip;]<\/p>\n","protected":false},"author":1,"featured_media":0,"parent":0,"menu_order":0,"comment_status":"closed","ping_status":"closed","template":"","meta":{"content-type":"","footnotes":""},"class_list":["post-4697","page","type-page","status-publish","hentry"],"_links":{"self":[{"href":"https:\/\/www.smartgolftravel.com\/de\/wp-json\/wp\/v2\/pages\/4697","targetHints":{"allow":["GET"]}}],"collection":[{"href":"https:\/\/www.smartgolftravel.com\/de\/wp-json\/wp\/v2\/pages"}],"about":[{"href":"https:\/\/www.smartgolftravel.com\/de\/wp-json\/wp\/v2\/types\/page"}],"author":[{"embeddable":true,"href":"https:\/\/www.smartgolftravel.com\/de\/wp-json\/wp\/v2\/users\/1"}],"replies":[{"embeddable":true,"href":"https:\/\/www.smartgolftravel.com\/de\/wp-json\/wp\/v2\/comments?post=4697"}],"version-history":[{"count":60,"href":"https:\/\/www.smartgolftravel.com\/de\/wp-json\/wp\/v2\/pages\/4697\/revisions"}],"predecessor-version":[{"id":8192,"href":"https:\/\/www.smartgolftravel.com\/de\/wp-json\/wp\/v2\/pages\/4697\/revisions\/8192"}],"wp:attachment":[{"href":"https:\/\/www.smartgolftravel.com\/de\/wp-json\/wp\/v2\/media?parent=4697"}],"curies":[{"name":"wp","href":"https:\/\/api.w.org\/{rel}","templated":true}]}}